{"id":147,"date":"2026-04-30T18:09:15","date_gmt":"2026-04-30T18:09:15","guid":{"rendered":"https:\/\/www.amalyon.eu\/?product=epson-5lb-singlepack-yellow-t850400-ultrachrome-hd-ink-80ml"},"modified":"2026-04-30T18:09:18","modified_gmt":"2026-04-30T18:09:18","slug":"epson-5lb-singlepack-yellow-t850400-ultrachrome-hd-ink-80ml","status":"publish","type":"product","link":"https:\/\/www.amalyon.eu\/?product=epson-5lb-singlepack-yellow-t850400-ultrachrome-hd-ink-80ml","title":{"rendered":"EPSON 5LB Singlepack Yellow T850400 UltraChrome HD ink 80ml"},"content":{"rendered":"<p>D\u00e9couvrez le produit EPSON 5LB Singlepack Yellow T850400 UltraChrome HD ink 80ml de la marque EPSON.<\/p>\n<p>Id\u00e9al pour les professionnels exigeants, ce mat\u00e9riel est con\u00e7u pour offrir fiabilit\u00e9 et performance au quotidien.<\/p>\n<p>R\u00e9f\u00e9rence constructeur (MPN) : EPSON_2393312.0<br \/>\nCode EAN : 10343914896<\/p>\n","protected":false},"excerpt":{"rendered":"<p>D\u00e9couvrez le produit EPSON 5LB Singlepack Yellow T850400 UltraChrome HD ink 80ml de la marque EPSON. Id\u00e9al pour les professionnels exigeants, ce mat\u00e9riel est con\u00e7u pour offrir fiabilit\u00e9 et performance au quotidien. R\u00e9f\u00e9rence constructeur (MPN) : EPSON_2393312.0 Code EAN : 10343914896<\/p>\n","protected":false},"featured_media":0,"comment_status":"open","ping_status":"closed","template":"","meta":[],"product_brand":[19],"product_cat":[18,15],"product_tag":[],"class_list":{"0":"post-147","1":"product","2":"type-product","3":"status-publish","5":"product_brand-epson","6":"product_cat-imprimantes-et-scanners","7":"product_cat-non-classe","9":"first","10":"instock","11":"taxable","12":"shipping-taxable","13":"purchasable","14":"product-type-simple"},"_links":{"self":[{"href":"https:\/\/www.amalyon.eu\/index.php?rest_route=\/wp\/v2\/product\/147","targetHints":{"allow":["GET"]}}],"collection":[{"href":"https:\/\/www.amalyon.eu\/index.php?rest_route=\/wp\/v2\/product"}],"about":[{"href":"https:\/\/www.amalyon.eu\/index.php?rest_route=\/wp\/v2\/types\/product"}],"replies":[{"embeddable":true,"href":"https:\/\/www.amalyon.eu\/index.php?rest_route=%2Fwp%2Fv2%2Fcomments&post=147"}],"wp:attachment":[{"href":"https:\/\/www.amalyon.eu\/index.php?rest_route=%2Fwp%2Fv2%2Fmedia&parent=147"}],"wp:term":[{"taxonomy":"product_brand","embeddable":true,"href":"https:\/\/www.amalyon.eu\/index.php?rest_route=%2Fwp%2Fv2%2Fproduct_brand&post=147"},{"taxonomy":"product_cat","embeddable":true,"href":"https:\/\/www.amalyon.eu\/index.php?rest_route=%2Fwp%2Fv2%2Fproduct_cat&post=147"},{"taxonomy":"product_tag","embeddable":true,"href":"https:\/\/www.amalyon.eu\/index.php?rest_route=%2Fwp%2Fv2%2Fproduct_tag&post=147"}],"curies":[{"name":"wp","href":"https:\/\/api.w.org\/{rel}","templated":true}]}}