{"id":16,"date":"2026-04-30T18:09:07","date_gmt":"2026-04-30T18:09:07","guid":{"rendered":"https:\/\/www.amalyon.eu\/?product=logitech-sight-camera-pour-conference"},"modified":"2026-04-30T18:09:07","modified_gmt":"2026-04-30T18:09:07","slug":"logitech-sight-camera-pour-conference","status":"publish","type":"product","link":"https:\/\/www.amalyon.eu\/?product=logitech-sight-camera-pour-conference","title":{"rendered":"Logitech Sight &#8211; Cam\u00e9ra pour conf\u00e9rence"},"content":{"rendered":"<p>D\u00e9couvrez le produit Logitech Sight &#8211; Cam\u00e9ra pour conf\u00e9rence de la marque LOGITECH.<\/p>\n<p>Id\u00e9al pour les professionnels exigeants, ce mat\u00e9riel est con\u00e7u pour offrir fiabilit\u00e9 et performance au quotidien.<\/p>\n<p>R\u00e9f\u00e9rence constructeur (MPN) : LOGITECH_960-001510<br \/>\nCode EAN : 10097855181593<\/p>\n","protected":false},"excerpt":{"rendered":"<p>D\u00e9couvrez le produit Logitech Sight &#8211; Cam\u00e9ra pour conf\u00e9rence de la marque LOGITECH. Id\u00e9al pour les professionnels exigeants, ce mat\u00e9riel est con\u00e7u pour offrir fiabilit\u00e9 et performance au quotidien. R\u00e9f\u00e9rence constructeur (MPN) : LOGITECH_960-001510 Code EAN : 10097855181593<\/p>\n","protected":false},"featured_media":0,"comment_status":"open","ping_status":"closed","template":"","meta":[],"product_brand":[17],"product_cat":[15],"product_tag":[],"class_list":{"0":"post-16","1":"product","2":"type-product","3":"status-publish","5":"product_brand-logitech","6":"product_cat-non-classe","8":"first","9":"instock","10":"taxable","11":"shipping-taxable","12":"purchasable","13":"product-type-simple"},"_links":{"self":[{"href":"https:\/\/www.amalyon.eu\/index.php?rest_route=\/wp\/v2\/product\/16","targetHints":{"allow":["GET"]}}],"collection":[{"href":"https:\/\/www.amalyon.eu\/index.php?rest_route=\/wp\/v2\/product"}],"about":[{"href":"https:\/\/www.amalyon.eu\/index.php?rest_route=\/wp\/v2\/types\/product"}],"replies":[{"embeddable":true,"href":"https:\/\/www.amalyon.eu\/index.php?rest_route=%2Fwp%2Fv2%2Fcomments&post=16"}],"wp:attachment":[{"href":"https:\/\/www.amalyon.eu\/index.php?rest_route=%2Fwp%2Fv2%2Fmedia&parent=16"}],"wp:term":[{"taxonomy":"product_brand","embeddable":true,"href":"https:\/\/www.amalyon.eu\/index.php?rest_route=%2Fwp%2Fv2%2Fproduct_brand&post=16"},{"taxonomy":"product_cat","embeddable":true,"href":"https:\/\/www.amalyon.eu\/index.php?rest_route=%2Fwp%2Fv2%2Fproduct_cat&post=16"},{"taxonomy":"product_tag","embeddable":true,"href":"https:\/\/www.amalyon.eu\/index.php?rest_route=%2Fwp%2Fv2%2Fproduct_tag&post=16"}],"curies":[{"name":"wp","href":"https:\/\/api.w.org\/{rel}","templated":true}]}}