{"id":192,"date":"2026-04-30T18:09:19","date_gmt":"2026-04-30T18:09:19","guid":{"rendered":"https:\/\/www.amalyon.eu\/?product=epson-t54c-light-magenta-surelab-sl-d500"},"modified":"2026-04-30T18:09:23","modified_gmt":"2026-04-30T18:09:23","slug":"epson-t54c-light-magenta-surelab-sl-d500","status":"publish","type":"product","link":"https:\/\/www.amalyon.eu\/?product=epson-t54c-light-magenta-surelab-sl-d500","title":{"rendered":"EPSON T54C Light Magenta SURELAB SL-D500"},"content":{"rendered":"<p>D\u00e9couvrez le produit EPSON T54C Light Magenta SURELAB SL-D500 de la marque EPSON.<\/p>\n<p>Id\u00e9al pour les professionnels exigeants, ce mat\u00e9riel est con\u00e7u pour offrir fiabilit\u00e9 et performance au quotidien.<\/p>\n<p>R\u00e9f\u00e9rence constructeur (MPN) : EPSON_46301050.0<br \/>\nCode EAN : 10343969865<\/p>\n","protected":false},"excerpt":{"rendered":"<p>D\u00e9couvrez le produit EPSON T54C Light Magenta SURELAB SL-D500 de la marque EPSON. Id\u00e9al pour les professionnels exigeants, ce mat\u00e9riel est con\u00e7u pour offrir fiabilit\u00e9 et performance au quotidien. R\u00e9f\u00e9rence constructeur (MPN) : EPSON_46301050.0 Code EAN : 10343969865<\/p>\n","protected":false},"featured_media":0,"comment_status":"open","ping_status":"closed","template":"","meta":[],"product_brand":[19],"product_cat":[18,15],"product_tag":[],"class_list":{"0":"post-192","1":"product","2":"type-product","3":"status-publish","5":"product_brand-epson","6":"product_cat-imprimantes-et-scanners","7":"product_cat-non-classe","9":"first","10":"instock","11":"taxable","12":"shipping-taxable","13":"purchasable","14":"product-type-simple"},"_links":{"self":[{"href":"https:\/\/www.amalyon.eu\/index.php?rest_route=\/wp\/v2\/product\/192","targetHints":{"allow":["GET"]}}],"collection":[{"href":"https:\/\/www.amalyon.eu\/index.php?rest_route=\/wp\/v2\/product"}],"about":[{"href":"https:\/\/www.amalyon.eu\/index.php?rest_route=\/wp\/v2\/types\/product"}],"replies":[{"embeddable":true,"href":"https:\/\/www.amalyon.eu\/index.php?rest_route=%2Fwp%2Fv2%2Fcomments&post=192"}],"wp:attachment":[{"href":"https:\/\/www.amalyon.eu\/index.php?rest_route=%2Fwp%2Fv2%2Fmedia&parent=192"}],"wp:term":[{"taxonomy":"product_brand","embeddable":true,"href":"https:\/\/www.amalyon.eu\/index.php?rest_route=%2Fwp%2Fv2%2Fproduct_brand&post=192"},{"taxonomy":"product_cat","embeddable":true,"href":"https:\/\/www.amalyon.eu\/index.php?rest_route=%2Fwp%2Fv2%2Fproduct_cat&post=192"},{"taxonomy":"product_tag","embeddable":true,"href":"https:\/\/www.amalyon.eu\/index.php?rest_route=%2Fwp%2Fv2%2Fproduct_tag&post=192"}],"curies":[{"name":"wp","href":"https:\/\/api.w.org\/{rel}","templated":true}]}}