{"id":259,"date":"2026-04-30T18:09:22","date_gmt":"2026-04-30T18:09:22","guid":{"rendered":"https:\/\/www.amalyon.eu\/?product=adaptateur-usb-c-relie-deux-cables-usbc-ensemble-4"},"modified":"2026-04-30T18:09:22","modified_gmt":"2026-04-30T18:09:22","slug":"adaptateur-usb-c-relie-deux-cables-usbc-ensemble-4","status":"publish","type":"product","link":"https:\/\/www.amalyon.eu\/?product=adaptateur-usb-c-relie-deux-cables-usbc-ensemble-4","title":{"rendered":"Adaptateur USB C &#8211; relie deux c\u00e2bles USBC ensemble"},"content":{"rendered":"<p>D\u00e9couvrez le produit Adaptateur USB C &#8211; relie deux c\u00e2bles USBC ensemble de la marque VISION.<\/p>\n<p>Id\u00e9al pour les professionnels exigeants, ce mat\u00e9riel est con\u00e7u pour offrir fiabilit\u00e9 et performance au quotidien.<\/p>\n<p>R\u00e9f\u00e9rence constructeur (MPN) : VISION_TC-USBCFF\/BL<br \/>\nCode EAN : 1043056200009<\/p>\n","protected":false},"excerpt":{"rendered":"<p>D\u00e9couvrez le produit Adaptateur USB C &#8211; relie deux c\u00e2bles USBC ensemble de la marque VISION. Id\u00e9al pour les professionnels exigeants, ce mat\u00e9riel est con\u00e7u pour offrir fiabilit\u00e9 et performance au quotidien. R\u00e9f\u00e9rence constructeur (MPN) : VISION_TC-USBCFF\/BL Code EAN : 1043056200009<\/p>\n","protected":false},"featured_media":0,"comment_status":"open","ping_status":"closed","template":"","meta":[],"product_brand":[21],"product_cat":[23,15],"product_tag":[],"class_list":{"0":"post-259","1":"product","2":"type-product","3":"status-publish","5":"product_brand-vision","6":"product_cat-accessoires","7":"product_cat-non-classe","9":"first","10":"instock","11":"taxable","12":"shipping-taxable","13":"purchasable","14":"product-type-simple"},"_links":{"self":[{"href":"https:\/\/www.amalyon.eu\/index.php?rest_route=\/wp\/v2\/product\/259","targetHints":{"allow":["GET"]}}],"collection":[{"href":"https:\/\/www.amalyon.eu\/index.php?rest_route=\/wp\/v2\/product"}],"about":[{"href":"https:\/\/www.amalyon.eu\/index.php?rest_route=\/wp\/v2\/types\/product"}],"replies":[{"embeddable":true,"href":"https:\/\/www.amalyon.eu\/index.php?rest_route=%2Fwp%2Fv2%2Fcomments&post=259"}],"wp:attachment":[{"href":"https:\/\/www.amalyon.eu\/index.php?rest_route=%2Fwp%2Fv2%2Fmedia&parent=259"}],"wp:term":[{"taxonomy":"product_brand","embeddable":true,"href":"https:\/\/www.amalyon.eu\/index.php?rest_route=%2Fwp%2Fv2%2Fproduct_brand&post=259"},{"taxonomy":"product_cat","embeddable":true,"href":"https:\/\/www.amalyon.eu\/index.php?rest_route=%2Fwp%2Fv2%2Fproduct_cat&post=259"},{"taxonomy":"product_tag","embeddable":true,"href":"https:\/\/www.amalyon.eu\/index.php?rest_route=%2Fwp%2Fv2%2Fproduct_tag&post=259"}],"curies":[{"name":"wp","href":"https:\/\/api.w.org\/{rel}","templated":true}]}}