{"id":264,"date":"2026-04-30T18:09:23","date_gmt":"2026-04-30T18:09:23","guid":{"rendered":"https:\/\/www.amalyon.eu\/?product=logitech-r-solution-zoom-base-i5cat5e"},"modified":"2026-04-30T18:09:25","modified_gmt":"2026-04-30T18:09:25","slug":"logitech-r-solution-zoom-base-i5cat5e","status":"publish","type":"product","link":"https:\/\/www.amalyon.eu\/?product=logitech-r-solution-zoom-base-i5cat5e","title":{"rendered":"Logitech R Solution Zoom Base i5+Cat5e"},"content":{"rendered":"<p>D\u00e9couvrez le produit Logitech R Solution Zoom Base i5+Cat5e de la marque LOGITECH.<\/p>\n<p>Id\u00e9al pour les professionnels exigeants, ce mat\u00e9riel est con\u00e7u pour offrir fiabilit\u00e9 et performance au quotidien.<\/p>\n<p>R\u00e9f\u00e9rence constructeur (MPN) : LOGITECH_TAPZOMBASEASU<br \/>\nCode EAN : 1045067000005<\/p>\n","protected":false},"excerpt":{"rendered":"<p>D\u00e9couvrez le produit Logitech R Solution Zoom Base i5+Cat5e de la marque LOGITECH. Id\u00e9al pour les professionnels exigeants, ce mat\u00e9riel est con\u00e7u pour offrir fiabilit\u00e9 et performance au quotidien. R\u00e9f\u00e9rence constructeur (MPN) : LOGITECH_TAPZOMBASEASU Code EAN : 1045067000005<\/p>\n","protected":false},"featured_media":0,"comment_status":"open","ping_status":"closed","template":"","meta":[],"product_brand":[17],"product_cat":[15],"product_tag":[],"class_list":{"0":"post-264","1":"product","2":"type-product","3":"status-publish","5":"product_brand-logitech","6":"product_cat-non-classe","8":"first","9":"instock","10":"taxable","11":"shipping-taxable","12":"purchasable","13":"product-type-simple"},"_links":{"self":[{"href":"https:\/\/www.amalyon.eu\/index.php?rest_route=\/wp\/v2\/product\/264","targetHints":{"allow":["GET"]}}],"collection":[{"href":"https:\/\/www.amalyon.eu\/index.php?rest_route=\/wp\/v2\/product"}],"about":[{"href":"https:\/\/www.amalyon.eu\/index.php?rest_route=\/wp\/v2\/types\/product"}],"replies":[{"embeddable":true,"href":"https:\/\/www.amalyon.eu\/index.php?rest_route=%2Fwp%2Fv2%2Fcomments&post=264"}],"wp:attachment":[{"href":"https:\/\/www.amalyon.eu\/index.php?rest_route=%2Fwp%2Fv2%2Fmedia&parent=264"}],"wp:term":[{"taxonomy":"product_brand","embeddable":true,"href":"https:\/\/www.amalyon.eu\/index.php?rest_route=%2Fwp%2Fv2%2Fproduct_brand&post=264"},{"taxonomy":"product_cat","embeddable":true,"href":"https:\/\/www.amalyon.eu\/index.php?rest_route=%2Fwp%2Fv2%2Fproduct_cat&post=264"},{"taxonomy":"product_tag","embeddable":true,"href":"https:\/\/www.amalyon.eu\/index.php?rest_route=%2Fwp%2Fv2%2Fproduct_tag&post=264"}],"curies":[{"name":"wp","href":"https:\/\/api.w.org\/{rel}","templated":true}]}}