{"id":63,"date":"2026-04-30T18:09:09","date_gmt":"2026-04-30T18:09:09","guid":{"rendered":"https:\/\/www.amalyon.eu\/?product=epson-ultra-glossy-photo-paper"},"modified":"2026-04-30T18:09:09","modified_gmt":"2026-04-30T18:09:09","slug":"epson-ultra-glossy-photo-paper","status":"publish","type":"product","link":"https:\/\/www.amalyon.eu\/?product=epson-ultra-glossy-photo-paper","title":{"rendered":"Epson Ultra Glossy Photo Paper"},"content":{"rendered":"<p>D\u00e9couvrez le produit Epson Ultra Glossy Photo Paper de la marque EPSON.<\/p>\n<p>Id\u00e9al pour les professionnels exigeants, ce mat\u00e9riel est con\u00e7u pour offrir fiabilit\u00e9 et performance au quotidien.<\/p>\n<p>R\u00e9f\u00e9rence constructeur (MPN) : EPSON_C13S041943<br \/>\nCode EAN : 10343855540<\/p>\n","protected":false},"excerpt":{"rendered":"<p>D\u00e9couvrez le produit Epson Ultra Glossy Photo Paper de la marque EPSON. Id\u00e9al pour les professionnels exigeants, ce mat\u00e9riel est con\u00e7u pour offrir fiabilit\u00e9 et performance au quotidien. R\u00e9f\u00e9rence constructeur (MPN) : EPSON_C13S041943 Code EAN : 10343855540<\/p>\n","protected":false},"featured_media":0,"comment_status":"open","ping_status":"closed","template":"","meta":[],"product_brand":[19],"product_cat":[18,15],"product_tag":[],"class_list":{"0":"post-63","1":"product","2":"type-product","3":"status-publish","5":"product_brand-epson","6":"product_cat-imprimantes-et-scanners","7":"product_cat-non-classe","9":"first","10":"instock","11":"taxable","12":"shipping-taxable","13":"purchasable","14":"product-type-simple"},"_links":{"self":[{"href":"https:\/\/www.amalyon.eu\/index.php?rest_route=\/wp\/v2\/product\/63","targetHints":{"allow":["GET"]}}],"collection":[{"href":"https:\/\/www.amalyon.eu\/index.php?rest_route=\/wp\/v2\/product"}],"about":[{"href":"https:\/\/www.amalyon.eu\/index.php?rest_route=\/wp\/v2\/types\/product"}],"replies":[{"embeddable":true,"href":"https:\/\/www.amalyon.eu\/index.php?rest_route=%2Fwp%2Fv2%2Fcomments&post=63"}],"wp:attachment":[{"href":"https:\/\/www.amalyon.eu\/index.php?rest_route=%2Fwp%2Fv2%2Fmedia&parent=63"}],"wp:term":[{"taxonomy":"product_brand","embeddable":true,"href":"https:\/\/www.amalyon.eu\/index.php?rest_route=%2Fwp%2Fv2%2Fproduct_brand&post=63"},{"taxonomy":"product_cat","embeddable":true,"href":"https:\/\/www.amalyon.eu\/index.php?rest_route=%2Fwp%2Fv2%2Fproduct_cat&post=63"},{"taxonomy":"product_tag","embeddable":true,"href":"https:\/\/www.amalyon.eu\/index.php?rest_route=%2Fwp%2Fv2%2Fproduct_tag&post=63"}],"curies":[{"name":"wp","href":"https:\/\/api.w.org\/{rel}","templated":true}]}}